{"id":19,"date":"2010-10-13T13:22:23","date_gmt":"2010-10-13T12:22:23","guid":{"rendered":"http:\/\/agrupacionmusicallaunion.com\/diario\/laescuela\/bandainfantil\/"},"modified":"2022-06-07T12:22:32","modified_gmt":"2022-06-07T11:22:32","slug":"bandainfantil","status":"publish","type":"page","link":"https:\/\/www.agrupacionmusicallaunion.com\/diario\/laescuela\/bandainfantil\/","title":{"rendered":"Banda Escuela"},"content":{"rendered":"<p><img decoding=\"async\" id=\"image52\" src=\"http:\/\/agrupacionmusicallaunion.com\/diario\/fotos\/banda_480.jpg\" alt=\"Banda Infantil en Sant Cecilia 2006\" \/><\/p>\n<p>La Banda Escuela, est\u00e1 formada por los alumnos que cursan de<strong> 2\u00ba de Ense\u00f1anzas Elementales<\/strong> en adelante. De ah\u00ed se proponen los nuevos m\u00fasicos que a\u00f1o tras a\u00f1o ascienden a nuestra Banda Titular<\/p>\n<p>Actualmente el Director de nuestra Banda Escuela es<strong> D. Adri\u00e1n Navarro Garc\u00eda<\/strong>.<\/p>\n","protected":false},"excerpt":{"rendered":"<p>La Banda Escuela, est\u00e1 formada por los alumnos que cursan de 2\u00ba de Ense\u00f1anzas Elementales en adelante. De ah\u00ed se proponen los nuevos m\u00fasicos que a\u00f1o tras a\u00f1o ascienden a nuestra Banda Titular Actualmente el Director de nuestra Banda Escuela es D. Adri\u00e1n Navarro Garc\u00eda.<\/p>\n","protected":false},"author":5,"featured_media":0,"parent":8,"menu_order":3,"comment_status":"closed","ping_status":"closed","template":"","meta":{"footnotes":""},"class_list":["post-19","page","type-page","status-publish","hentry"],"_links":{"self":[{"href":"https:\/\/www.agrupacionmusicallaunion.com\/diario\/wp-json\/wp\/v2\/pages\/19","targetHints":{"allow":["GET"]}}],"collection":[{"href":"https:\/\/www.agrupacionmusicallaunion.com\/diario\/wp-json\/wp\/v2\/pages"}],"about":[{"href":"https:\/\/www.agrupacionmusicallaunion.com\/diario\/wp-json\/wp\/v2\/types\/page"}],"author":[{"embeddable":true,"href":"https:\/\/www.agrupacionmusicallaunion.com\/diario\/wp-json\/wp\/v2\/users\/5"}],"replies":[{"embeddable":true,"href":"https:\/\/www.agrupacionmusicallaunion.com\/diario\/wp-json\/wp\/v2\/comments?post=19"}],"version-history":[{"count":31,"href":"https:\/\/www.agrupacionmusicallaunion.com\/diario\/wp-json\/wp\/v2\/pages\/19\/revisions"}],"predecessor-version":[{"id":3539,"href":"https:\/\/www.agrupacionmusicallaunion.com\/diario\/wp-json\/wp\/v2\/pages\/19\/revisions\/3539"}],"up":[{"embeddable":true,"href":"https:\/\/www.agrupacionmusicallaunion.com\/diario\/wp-json\/wp\/v2\/pages\/8"}],"wp:attachment":[{"href":"https:\/\/www.agrupacionmusicallaunion.com\/diario\/wp-json\/wp\/v2\/media?parent=19"}],"curies":[{"name":"wp","href":"https:\/\/api.w.org\/{rel}","templated":true}]}}