{"id":1979,"date":"2012-07-06T16:41:05","date_gmt":"2012-07-06T15:41:05","guid":{"rendered":"http:\/\/www.agrupacionmusicallaunion.com\/diario\/?page_id=1979"},"modified":"2022-06-07T12:27:07","modified_gmt":"2022-06-07T11:27:07","slug":"convocatoria-de-elecciones-2012","status":"publish","type":"page","link":"https:\/\/www.agrupacionmusicallaunion.com\/diario\/convocatoria-de-elecciones-2012\/","title":{"rendered":"Junta Directiva y Estatutos"},"content":{"rendered":"<p style=\"text-align: left;\"><strong><a href=\"https:\/\/www.agrupacionmusicallaunion.com\/diario\/fotos\/estatutos-agrupaci\u00f3n-para-web.pdf\">Estatutos AMLU<\/a><\/strong><\/p>\n<p style=\"text-align: left;\">Esta es la composici\u00f3n de la nueva Junta Directiva de la Agrupaci\u00f3n Musical La Uni\u00f3n:<\/p>\n<p style=\"text-align: center;\">Presidente: <strong>Jos\u00e9 Gabriel Rosique Garn\u00e9s<\/strong><\/p>\n<p style=\"text-align: center;\">Vicepresidente: <strong>Gervasio Vera Ros<\/strong><\/p>\n<p style=\"text-align: center;\">Tesorera:<strong>\u00a0Silvia Ram\u00edrez Rodr\u00edguez<\/strong><\/p>\n<p style=\"text-align: center;\">Secretaria: <strong>Dolores Campillo Pe\u00f1afiel<\/strong><\/p>\n<p style=\"text-align: center;\">Vicesecretaria: <strong>Dolores Mart\u00ednez Cruz<\/strong><\/p>\n<p class=\"MsoNormal\" style=\"text-align: left;\">Vocales<\/p>\n<p class=\"MsoNormal\" style=\"text-align: center;\"><strong>\u00a0<\/strong><\/p>\n<p style=\"text-align: center;\"><strong>Ana Dolores Carri\u00f3n Hern\u00e1ndez<\/strong><\/p>\n<p style=\"text-align: center;\"><strong>Mar\u00eda Eugenia Aznar Mar\u00edn<\/strong><\/p>\n<p style=\"text-align: center;\"><strong>Salvador Egea Navarro<\/strong><\/p>\n<p style=\"text-align: center;\"><strong>Jer\u00f3nimo Ba\u00f1os Salmer\u00f3n<\/strong><\/p>\n<p style=\"text-align: center;\"><strong>Juan Gonzalez Alcaraz<\/strong><\/p>\n<p style=\"text-align: center;\"><strong>Tomas Fern\u00e1ndez Vera<\/strong><\/p>\n<p style=\"text-align: center;\"><strong>\u00a0<\/strong><\/p>\n<p>\u00a0<strong><a href=\"https:\/\/www.agrupacionmusicallaunion.com\/diario\/fotos\/estatutos-agrupaci\u00f3n-para-web.pdf\">Estatutos AMLU<\/a><\/strong><\/p>\n","protected":false},"excerpt":{"rendered":"<p>Estatutos AMLU Esta es la composici\u00f3n de la nueva Junta Directiva de la Agrupaci\u00f3n Musical La Uni\u00f3n: Presidente: Jos\u00e9 Gabriel Rosique Garn\u00e9s Vicepresidente: Gervasio Vera Ros Tesorera:\u00a0Silvia Ram\u00edrez Rodr\u00edguez Secretaria: Dolores Campillo Pe\u00f1afiel Vicesecretaria: Dolores Mart\u00ednez Cruz Vocales \u00a0 Ana Dolores Carri\u00f3n Hern\u00e1ndez Mar\u00eda Eugenia Aznar Mar\u00edn Salvador Egea Navarro Jer\u00f3nimo Ba\u00f1os Salmer\u00f3n Juan Gonzalez [&hellip;]<\/p>\n","protected":false},"author":5,"featured_media":0,"parent":0,"menu_order":4,"comment_status":"open","ping_status":"closed","template":"","meta":{"footnotes":""},"class_list":["post-1979","page","type-page","status-publish","hentry"],"_links":{"self":[{"href":"https:\/\/www.agrupacionmusicallaunion.com\/diario\/wp-json\/wp\/v2\/pages\/1979","targetHints":{"allow":["GET"]}}],"collection":[{"href":"https:\/\/www.agrupacionmusicallaunion.com\/diario\/wp-json\/wp\/v2\/pages"}],"about":[{"href":"https:\/\/www.agrupacionmusicallaunion.com\/diario\/wp-json\/wp\/v2\/types\/page"}],"author":[{"embeddable":true,"href":"https:\/\/www.agrupacionmusicallaunion.com\/diario\/wp-json\/wp\/v2\/users\/5"}],"replies":[{"embeddable":true,"href":"https:\/\/www.agrupacionmusicallaunion.com\/diario\/wp-json\/wp\/v2\/comments?post=1979"}],"version-history":[{"count":33,"href":"https:\/\/www.agrupacionmusicallaunion.com\/diario\/wp-json\/wp\/v2\/pages\/1979\/revisions"}],"predecessor-version":[{"id":3479,"href":"https:\/\/www.agrupacionmusicallaunion.com\/diario\/wp-json\/wp\/v2\/pages\/1979\/revisions\/3479"}],"wp:attachment":[{"href":"https:\/\/www.agrupacionmusicallaunion.com\/diario\/wp-json\/wp\/v2\/media?parent=1979"}],"curies":[{"name":"wp","href":"https:\/\/api.w.org\/{rel}","templated":true}]}}