{"id":3540,"date":"2022-06-07T12:18:21","date_gmt":"2022-06-07T11:18:21","guid":{"rendered":"http:\/\/www.agrupacionmusicallaunion.com\/diario\/?page_id=3540"},"modified":"2022-06-07T12:26:38","modified_gmt":"2022-06-07T11:26:38","slug":"director","status":"publish","type":"page","link":"https:\/\/www.agrupacionmusicallaunion.com\/diario\/director\/","title":{"rendered":"Director"},"content":{"rendered":"\n<p>Desde Enero de 2022, el director de la Banda de la Agrupaci\u00f3n Musical La Uni\u00f3n es <strong>D. Luis Gonz\u00e1lez Mar\u00edn<\/strong><\/p>\n\n\n\n<p>Natural de La Uni\u00f3n (Murcia) inicia sus estudios musicales en la Agrupaci\u00f3n Musical de La Uni\u00f3n con <strong>D. Jos\u00e9 Camacho Vizcaino<\/strong>, continua con su formaci\u00f3n musical en el Conservatorio Profesional de M\u00fasica de Cartagena bajo la tutela y direcci\u00f3n de <strong>F\u00ba Jos\u00e9 Gonz\u00e1lez Campillo<\/strong>, obteniendo las m\u00e1ximas calificaciones y el premio extraordinario fin de grado en la especialidad de saxof\u00f3n. Se traslada a Francia como una joven promesa, a la clase Internacional de saxof\u00f3n del <strong>CNR de Burdeos<\/strong>, donde obtiene la <strong>Medalla de Honor de la Villa de Burdeos a la Unanimidad <\/strong>y con felicitaci\u00f3n del tribunal, en las disciplinas de Saxof\u00f3n y M\u00fasica de C\u00e1mara, m\u00e1xima distinci\u00f3n acad\u00e9mica, bajo la tutela de<strong> Marie-Bernadette Charrier<\/strong>. A su vuelta Espa\u00f1a, finaliza sus estudios musicales en el Conservatorio Superior de M\u00fasica <strong>\u201cManuel Massoti Littel\u201d de Murcia<\/strong>, obteniendo las m\u00e1ximas calificaciones. Posteriormente realiza estudios de Postgrado en la <strong>Universidad de Valencia<\/strong>, obteniendo un <strong>M\u00e1ster en Est\u00e9tica y Creatividad Musical <\/strong>y el Diploma de Estudios Avanzados (DEA) gracias a sus trabajos de investigaci\u00f3n sobre la graf\u00eda de vanguardia en el saxof\u00f3n.<br>Perfecciona sus estudios con solistas de talla internacional, como J<strong>ean Marie Londeix, Claude Delangle, Gilles Tressos, y Marcus Weiss <\/strong>entre otros. En su af\u00e1n por el desarrollo y conocimiento de la m\u00fasica actual, colabora con compositores de la talla de <strong>P. Mefano, Fra\u00e7ois Rosse, Etienne Rolin, Cristophe Havel, Thierry Alla\u2026<\/strong><br>Es colaborador de la <strong>Orquesta Sinf\u00f3nica de Castilla Le\u00f3n<\/strong> (OSCyL) con la que ha realizado diversas grabaciones y participado como solista en diversas agrupaciones como la <strong>Orquesta Sinf\u00f3nica de Navarra <\/strong>(OSN) y la<strong> Orquesta Sinf\u00f3nica Ciudad de Melilla<\/strong>; colabora con diversas agrupaciones de c\u00e1mara, como la orquesta de plectro y p\u00faa \u201c<strong>Camerata Aguilar\u201d y \u201cAurum Project\u201d<\/strong> formaci\u00f3n orientada al estreno y difusi\u00f3n de la m\u00fasica de vanguardia.<br>Ha sido galardonado en diferentes concursos nacionales e internacionales, entre los que destacan el <strong>1\u00ba Premio en la III edici\u00f3n del Concurso Nacional \u201cEntre Cuerdas y Metales\u201d<\/strong> en Cartagena, y el <strong>1\u00ba Premio en el Concurso Internacional de M\u00fasica de C\u00e1mara \u201cPaolo Serrao\u201d <\/strong>en Italia, con el d\u00fao de saxof\u00f3n \u201cProyecto H\u00e9lade\u201d.<br>Como concertista ha actuado en diferentes salas de Espa\u00f1a y Francia, destacando: el Palacio de Congresos de la Regi\u00f3n de Murcia, Auditorio Alfredo Krauss en las Palmas de Gran Canaria, Auditorio de Baluarte en Pamplona, Auditorio y Palacio de Congresos de Le\u00f3n, Auditorio y Palacio de Congresos de Zaragoza, Teatro del Liceo y Palau de la M\u00fasica de Barcelona, el Centro Cultural de M\u00fasica Miguel Delibes en Valladolid, Opera de Bordeaux, Salle J. Thibaud del CNR de Bordeaux, Salle Atelier del Grand Theatre de Bodeaux\u2026<br>En su incipiente carrera como director destaca su labor en la direcci\u00f3n con la banda de m\u00fasica del conservatorio profesional de m\u00fasica Melilla y la direcci\u00f3n de los Ensembles de saxof\u00f3n del conservatorio profesional de m\u00fasica de Murcia y de Lorca.<br>Actualmente es profesor de saxof\u00f3n en el <strong>Conservatorio Profesional de M\u00fasica \u201cNarciso Yepes\u201d de Lorca, <\/strong>donde compagina su labor docente y concertista, junto a la direcci\u00f3n art\u00edstica de <strong>la Agrupaci\u00f3n Musical de la Uni\u00f3n (AMLU)<\/strong>.<\/p>\n\n\n\n<figure class=\"wp-block-image size-large\"><a href=\"https:\/\/www.agrupacionmusicallaunion.com\/diario\/fotos\/Luis-Gozalez-Marin.jpeg\"><img loading=\"lazy\" decoding=\"async\" width=\"1024\" height=\"766\" src=\"https:\/\/www.agrupacionmusicallaunion.com\/diario\/fotos\/Luis-Gozalez-Marin-1024x766.jpeg\" alt=\"\" class=\"wp-image-3541\" srcset=\"https:\/\/www.agrupacionmusicallaunion.com\/diario\/fotos\/Luis-Gozalez-Marin-1024x766.jpeg 1024w, https:\/\/www.agrupacionmusicallaunion.com\/diario\/fotos\/Luis-Gozalez-Marin-300x224.jpeg 300w, https:\/\/www.agrupacionmusicallaunion.com\/diario\/fotos\/Luis-Gozalez-Marin-768x575.jpeg 768w, https:\/\/www.agrupacionmusicallaunion.com\/diario\/fotos\/Luis-Gozalez-Marin-1536x1149.jpeg 1536w, https:\/\/www.agrupacionmusicallaunion.com\/diario\/fotos\/Luis-Gozalez-Marin.jpeg 2048w\" sizes=\"auto, (max-width: 1024px) 100vw, 1024px\" \/><\/a><\/figure>\n","protected":false},"excerpt":{"rendered":"<p>Desde Enero de 2022, el director de la Banda de la Agrupaci\u00f3n Musical La Uni\u00f3n es D. Luis Gonz\u00e1lez Mar\u00edn Natural de La Uni\u00f3n (Murcia) inicia sus estudios musicales en la Agrupaci\u00f3n Musical de La Uni\u00f3n con D. Jos\u00e9 Camacho Vizcaino, continua con su formaci\u00f3n musical en el Conservatorio Profesional de M\u00fasica de Cartagena bajo [&hellip;]<\/p>\n","protected":false},"author":5,"featured_media":0,"parent":0,"menu_order":2,"comment_status":"closed","ping_status":"closed","template":"","meta":{"footnotes":""},"class_list":["post-3540","page","type-page","status-publish","hentry"],"_links":{"self":[{"href":"https:\/\/www.agrupacionmusicallaunion.com\/diario\/wp-json\/wp\/v2\/pages\/3540","targetHints":{"allow":["GET"]}}],"collection":[{"href":"https:\/\/www.agrupacionmusicallaunion.com\/diario\/wp-json\/wp\/v2\/pages"}],"about":[{"href":"https:\/\/www.agrupacionmusicallaunion.com\/diario\/wp-json\/wp\/v2\/types\/page"}],"author":[{"embeddable":true,"href":"https:\/\/www.agrupacionmusicallaunion.com\/diario\/wp-json\/wp\/v2\/users\/5"}],"replies":[{"embeddable":true,"href":"https:\/\/www.agrupacionmusicallaunion.com\/diario\/wp-json\/wp\/v2\/comments?post=3540"}],"version-history":[{"count":1,"href":"https:\/\/www.agrupacionmusicallaunion.com\/diario\/wp-json\/wp\/v2\/pages\/3540\/revisions"}],"predecessor-version":[{"id":3542,"href":"https:\/\/www.agrupacionmusicallaunion.com\/diario\/wp-json\/wp\/v2\/pages\/3540\/revisions\/3542"}],"wp:attachment":[{"href":"https:\/\/www.agrupacionmusicallaunion.com\/diario\/wp-json\/wp\/v2\/media?parent=3540"}],"curies":[{"name":"wp","href":"https:\/\/api.w.org\/{rel}","templated":true}]}}