{"id":3555,"date":"2022-06-07T13:17:09","date_gmt":"2022-06-07T12:17:09","guid":{"rendered":"http:\/\/www.agrupacionmusicallaunion.com\/diario\/?page_id=3555"},"modified":"2022-06-07T13:18:38","modified_gmt":"2022-06-07T12:18:38","slug":"contacto","status":"publish","type":"page","link":"https:\/\/www.agrupacionmusicallaunion.com\/diario\/contacto\/","title":{"rendered":"Contacto"},"content":{"rendered":"\n<p><\/p>\n\n\n\n<p><strong>Direcci\u00f3n Postal:<\/strong><\/p>\n\n\n\n<p>Agrupaci\u00f3n Musical La Uni\u00f3n<\/p>\n\n\n\n<p>Pza. Asensio S\u00e1ez s\/n<\/p>\n\n\n\n<p>30360 La Uni\u00f3n (Murcia)<\/p>\n\n\n\n<p><\/p>\n\n\n\n<p><strong>Correo Electr\u00f3nico:<\/strong><\/p>\n\n\n\n<p><a href=\"mailto:launionagrupacionmusical1990@gmail.com\">launionagrupacionmusical1990@gmail.com<\/a><\/p>\n\n\n\n<p><strong>Tel\u00e9fono:<\/strong><\/p>\n\n\n\n<p><strong>643 88 42 60<\/strong><\/p>\n","protected":false},"excerpt":{"rendered":"<p>Direcci\u00f3n Postal: Agrupaci\u00f3n Musical La Uni\u00f3n Pza. Asensio S\u00e1ez s\/n 30360 La Uni\u00f3n (Murcia) Correo Electr\u00f3nico: launionagrupacionmusical1990@gmail.com Tel\u00e9fono: 643 88 42 60<\/p>\n","protected":false},"author":5,"featured_media":0,"parent":0,"menu_order":6,"comment_status":"closed","ping_status":"closed","template":"","meta":{"footnotes":""},"class_list":["post-3555","page","type-page","status-publish","hentry"],"_links":{"self":[{"href":"https:\/\/www.agrupacionmusicallaunion.com\/diario\/wp-json\/wp\/v2\/pages\/3555","targetHints":{"allow":["GET"]}}],"collection":[{"href":"https:\/\/www.agrupacionmusicallaunion.com\/diario\/wp-json\/wp\/v2\/pages"}],"about":[{"href":"https:\/\/www.agrupacionmusicallaunion.com\/diario\/wp-json\/wp\/v2\/types\/page"}],"author":[{"embeddable":true,"href":"https:\/\/www.agrupacionmusicallaunion.com\/diario\/wp-json\/wp\/v2\/users\/5"}],"replies":[{"embeddable":true,"href":"https:\/\/www.agrupacionmusicallaunion.com\/diario\/wp-json\/wp\/v2\/comments?post=3555"}],"version-history":[{"count":2,"href":"https:\/\/www.agrupacionmusicallaunion.com\/diario\/wp-json\/wp\/v2\/pages\/3555\/revisions"}],"predecessor-version":[{"id":3557,"href":"https:\/\/www.agrupacionmusicallaunion.com\/diario\/wp-json\/wp\/v2\/pages\/3555\/revisions\/3557"}],"wp:attachment":[{"href":"https:\/\/www.agrupacionmusicallaunion.com\/diario\/wp-json\/wp\/v2\/media?parent=3555"}],"curies":[{"name":"wp","href":"https:\/\/api.w.org\/{rel}","templated":true}]}}