{"id":357,"date":"2010-11-27T13:30:54","date_gmt":"2010-11-27T12:30:54","guid":{"rendered":"http:\/\/www.agrupacionmusicallaunion.com\/diario\/"},"modified":"2022-06-07T12:27:28","modified_gmt":"2022-06-07T11:27:28","slug":"recursos","status":"publish","type":"page","link":"https:\/\/www.agrupacionmusicallaunion.com\/diario\/recursos\/","title":{"rendered":"Recursos"},"content":{"rendered":"<table>\n<tbody>\n<tr>\n<td>\n<p><figure id=\"attachment_404\" aria-describedby=\"caption-attachment-404\" style=\"width: 150px\" class=\"wp-caption alignleft\"><a href=\"http:\/\/imslp.org\/wiki\/P%C3%A1gina_principal\"><img loading=\"lazy\" decoding=\"async\" class=\"size-thumbnail wp-image-404\" title=\"imslp\" src=\"https:\/\/www.agrupacionmusicallaunion.com\/diario\/fotos\/imslp-150x150.png\" alt=\"\" width=\"150\" height=\"150\" srcset=\"https:\/\/www.agrupacionmusicallaunion.com\/diario\/fotos\/imslp-150x150.png 150w, https:\/\/www.agrupacionmusicallaunion.com\/diario\/fotos\/imslp.png 155w\" sizes=\"auto, (max-width: 150px) 100vw, 150px\" \/><\/a><figcaption id=\"caption-attachment-404\" class=\"wp-caption-text\">Biblioteca Internacional de Partituras Musicales<\/figcaption><\/figure><\/td>\n<td>\n<p><figure id=\"attachment_281\" aria-describedby=\"caption-attachment-281\" style=\"width: 150px\" class=\"wp-caption alignnone\"><a href=\"https:\/\/www.agrupacionmusicallaunion.com\/diario\/partituras-en-el-atril\"><img loading=\"lazy\" decoding=\"async\" class=\"size-thumbnail wp-image-281\" src=\"https:\/\/www.agrupacionmusicallaunion.com\/diario\/fotos\/partitura-2-150x150.jpg\" alt=\"\" width=\"150\" height=\"150\" srcset=\"https:\/\/www.agrupacionmusicallaunion.com\/diario\/fotos\/partitura-2-150x150.jpg 150w, https:\/\/www.agrupacionmusicallaunion.com\/diario\/fotos\/partitura-2.jpg 250w\" sizes=\"auto, (max-width: 150px) 100vw, 150px\" \/><\/a><figcaption id=\"caption-attachment-281\" class=\"wp-caption-text\">  P\u00e1gina Privada     M\u00fasicos de la Agrupaci\u00f3n<\/figcaption><\/figure><\/td>\n<td>\n<figure id=\"attachment_282\" aria-describedby=\"caption-attachment-282\" style=\"width: 150px\" class=\"wp-caption alignnone\"><a href=\"http:\/\/www.windrep.org\/Main_Page\" rel=\"attachment wp-att-2343\"><img loading=\"lazy\" decoding=\"async\" src=\"https:\/\/www.agrupacionmusicallaunion.com\/diario\/fotos\/The-Wind-Repertory-Proyect.jpg\" alt=\"The Wind Repertory Proyect\" width=\"150\" height=\"150\" class=\"alignright size-full wp-image-2343\" \/><\/a><figcaption id=\"caption-attachment-282\" class=\"wp-caption-text\">The Wind Repertory Proyect<\/figcaption><\/figure>\n<\/td>\n<\/tr>\n<tr>\n<td>\n<p><figure id=\"attachment_280\" aria-describedby=\"caption-attachment-280\" style=\"width: 150px\" class=\"wp-caption alignnone\"><a href=\"http:\/\/fonotecabanda.blogspot.com.es\/\"><img loading=\"lazy\" decoding=\"async\" class=\"size-thumbnail wp-image-280\" src=\"https:\/\/www.agrupacionmusicallaunion.com\/diario\/fotos\/headphones-150x150.jpg\" alt=\"\" width=\"150\" height=\"150\" srcset=\"https:\/\/www.agrupacionmusicallaunion.com\/diario\/fotos\/headphones-150x150.jpg 150w, https:\/\/www.agrupacionmusicallaunion.com\/diario\/fotos\/headphones.jpg 250w\" sizes=\"auto, (max-width: 150px) 100vw, 150px\" \/><\/a><figcaption id=\"caption-attachment-280\" class=\"wp-caption-text\">Fonoteca for Wind Orchestra<\/figcaption><\/figure><\/td>\n<td>\n<p><figure id=\"attachment_465\" aria-describedby=\"caption-attachment-465\" style=\"width: 150px\" class=\"wp-caption aligncenter\"><a href=\"http:\/\/fonoteca.cibm-valencia.com\/buscador-cibm.aspx\"><img loading=\"lazy\" decoding=\"async\" class=\"size-full wp-image-465\" title=\"Fonoteca del CIBM\" src=\"https:\/\/www.agrupacionmusicallaunion.com\/diario\/fotos\/fonotecacibm.jpg\" alt=\"\" width=\"150\" height=\"150\" \/><\/a><figcaption id=\"caption-attachment-465\" class=\"wp-caption-text\">Fonoteca del CIBM<\/figcaption><\/figure><\/td>\n<td>\n<p><figure id=\"attachment_465\" aria-describedby=\"caption-attachment-465\" style=\"width: 150px\" class=\"wp-caption aligncenter\"><a href=\"http:\/\/www.blanksheetmusic.net\/\"><img loading=\"lazy\" decoding=\"async\" class=\"aligncenter size-full wp-image-502\" title=\"Partitura en blanco\" src=\"https:\/\/www.agrupacionmusicallaunion.com\/diario\/fotos\/Partitura-en-blanco2.jpg\" alt=\"\" width=\"150\" height=\"150\" \/><\/a><figcaption id=\"caption-attachment-465\" class=\"wp-caption-text\">Papel Pautado en Blanco<\/figcaption><\/figure><\/td>\n<\/tr>\n<tr>\n<td>\n<p><figure id=\"attachment_465\" aria-describedby=\"caption-attachment-465\" style=\"width: 150px\" class=\"wp-caption aligncenter\"><a href=\"http:\/\/www.alaup.com\/\"><img loading=\"lazy\" decoding=\"async\" class=\"aligncenter size-full wp-image-579\" title=\"de-todo-un-poco\" src=\"https:\/\/www.agrupacionmusicallaunion.com\/diario\/fotos\/de-todo-un-poco2.jpg\" alt=\"\" width=\"150\" height=\"150\" \/><\/a><figcaption id=\"caption-attachment-465\" class=\"wp-caption-text\">De Todo un Poco<\/figcaption><\/figure><\/td>\n<td>\n<p><figure id=\"attachment_465\" aria-describedby=\"caption-attachment-465\" style=\"width: 150px\" class=\"wp-caption aligncenter\"><br \/>\n<a href=\"http:\/\/www.bgfl.org\/bgfl\/custom\/resources_ftp\/client_ftp\/ks2\/music\/piano\/index.htm\"><img loading=\"lazy\" decoding=\"async\" class=\"aligncenter size-full wp-image-584\" title=\"piano-virtual\" src=\"https:\/\/www.agrupacionmusicallaunion.com\/diario\/fotos\/piano-virtual.jpg\" alt=\"\" width=\"150\" height=\"150\" \/><\/a><figcaption id=\"caption-attachment-465\" class=\"wp-caption-text\">Piano Virtual<\/figcaption><\/figure><\/td>\n<td>\n<p><figure id=\"attachment_465\" aria-describedby=\"caption-attachment-465\" style=\"width: 150px\" class=\"wp-caption aligncenter\"><br \/>\n<a href=\"https:\/\/www.agrupacionmusicallaunion.com\/diario\/musica-y-cine\/\"><img loading=\"lazy\" decoding=\"async\" class=\"aligncenter size-full wp-image-618\" title=\"musica-y-cine\" src=\"https:\/\/www.agrupacionmusicallaunion.com\/diario\/fotos\/musica-y-cine.jpg\" alt=\"\" width=\"150\" height=\"150\" \/><\/a><figcaption id=\"caption-attachment-465\" class=\"wp-caption-text\">Cine de M\u00fasica<\/figcaption><\/figure><\/td>\n<\/tr>\n<tr>\n<td>\n<p><figure id=\"attachment_465\" aria-describedby=\"caption-attachment-465\" style=\"width: 150px\" class=\"wp-caption aligncenter\"><br \/>\n<a href=\"https:\/\/picasaweb.google.com\/100170548123739774532?authkey=Gv1sRgCMbksbKw2eDOWg\"><img loading=\"lazy\" decoding=\"async\" class=\"aligncenter size-full wp-image-816\" title=\"\u00c1lbum de fotos\" src=\"https:\/\/www.agrupacionmusicallaunion.com\/diario\/fotos\/album.jpg\" alt=\"\" width=\"150\" height=\"150\" \/><\/a><figcaption id=\"caption-attachment-465\" class=\"wp-caption-text\">\u00c1lbum de Fotos<\/figcaption><\/figure><\/td>\n<\/tr>\n<\/tbody>\n<\/table>\n","protected":false},"excerpt":{"rendered":"","protected":false},"author":5,"featured_media":0,"parent":0,"menu_order":4,"comment_status":"open","ping_status":"closed","template":"","meta":{"footnotes":""},"class_list":["post-357","page","type-page","status-publish","hentry"],"_links":{"self":[{"href":"https:\/\/www.agrupacionmusicallaunion.com\/diario\/wp-json\/wp\/v2\/pages\/357","targetHints":{"allow":["GET"]}}],"collection":[{"href":"https:\/\/www.agrupacionmusicallaunion.com\/diario\/wp-json\/wp\/v2\/pages"}],"about":[{"href":"https:\/\/www.agrupacionmusicallaunion.com\/diario\/wp-json\/wp\/v2\/types\/page"}],"author":[{"embeddable":true,"href":"https:\/\/www.agrupacionmusicallaunion.com\/diario\/wp-json\/wp\/v2\/users\/5"}],"replies":[{"embeddable":true,"href":"https:\/\/www.agrupacionmusicallaunion.com\/diario\/wp-json\/wp\/v2\/comments?post=357"}],"version-history":[{"count":48,"href":"https:\/\/www.agrupacionmusicallaunion.com\/diario\/wp-json\/wp\/v2\/pages\/357\/revisions"}],"predecessor-version":[{"id":3543,"href":"https:\/\/www.agrupacionmusicallaunion.com\/diario\/wp-json\/wp\/v2\/pages\/357\/revisions\/3543"}],"wp:attachment":[{"href":"https:\/\/www.agrupacionmusicallaunion.com\/diario\/wp-json\/wp\/v2\/media?parent=357"}],"curies":[{"name":"wp","href":"https:\/\/api.w.org\/{rel}","templated":true}]}}