{"id":8,"date":"2006-11-01T22:27:12","date_gmt":"2006-11-01T21:27:12","guid":{"rendered":"http:\/\/208.101.43.189\/~agrupaci\/diario\/laescuela\/"},"modified":"2022-06-07T12:26:54","modified_gmt":"2022-06-07T11:26:54","slug":"laescuela","status":"publish","type":"page","link":"https:\/\/www.agrupacionmusicallaunion.com\/diario\/laescuela\/","title":{"rendered":"La Escuela"},"content":{"rendered":"<p><a href=\"https:\/\/www.agrupacionmusicallaunion.com\/diario\/fotos\/escuela-de-m\u00fasica-agrupaci\u00f3n-musical-la-uni\u00f3n.jpg\"><img loading=\"lazy\" decoding=\"async\" class=\"aligncenter size-full wp-image-574\" title=\"escuela-de-m\u00fasica-agrupaci\u00f3n-musical-la-uni\u00f3n\" src=\"https:\/\/www.agrupacionmusicallaunion.com\/diario\/fotos\/escuela-de-m\u00fasica-agrupaci\u00f3n-musical-la-uni\u00f3n.jpg\" alt=\"\" width=\"500\" height=\"300\" srcset=\"https:\/\/www.agrupacionmusicallaunion.com\/diario\/fotos\/escuela-de-m\u00fasica-agrupaci\u00f3n-musical-la-uni\u00f3n.jpg 500w, https:\/\/www.agrupacionmusicallaunion.com\/diario\/fotos\/escuela-de-m\u00fasica-agrupaci\u00f3n-musical-la-uni\u00f3n-300x180.jpg 300w\" sizes=\"auto, (max-width: 500px) 100vw, 500px\" \/><\/a><\/p>\n<p>La Escuela de M\u00fasica de nuestra Agrupaci\u00f3n, est\u00e1 compuesta actualmente por unos<strong> 60\u00a0alumnos<\/strong>, donde se les imparten clases de Lenguaje musical, m\u00fasica y movimiento, flauta travesera, oboe, clarinete, saxof\u00f3n, trompeta, trompa, tromb\u00f3n, tuba &#8211; bombardino, percusi\u00f3n y conjunto instrumental (banda infantil),\u00a0 por <strong>profesores titulados<\/strong>, tanto en su especialidad de grado medio como superior, provenientes en su mayor\u00eda de la propia cantera de la escuela, a la vez que miembros de la propia banda.<\/p>\n<p>Actualmente nuestra escuela se encuentra situada en el Centro Cultural Asensio S\u00e1ez de La Uni\u00f3n.<\/p>\n<p>Nuestra oferta educativa va desde los 5 a\u00f1os en adelante:<\/p>\n<p>-M\u00fasica y Movimiento (5 y 6 a\u00f1os)<\/p>\n<p>-Preparatorio ( + 7 a\u00f1os)<\/p>\n<p>-Ense\u00f1anzas Elementales M\u00fasica\u00a0 (+8 a\u00f1os)<\/p>\n<p>&#8211; Instrumentos:<\/p>\n<ul>\n<li>Flauta travesera<\/li>\n<li>Oboe<\/li>\n<li>Clarinete<\/li>\n<li>Saxof\u00f3n<\/li>\n<li>Trompeta<\/li>\n<li>Trompa<\/li>\n<li>Bombardino<\/li>\n<li>Tromb\u00f3n<\/li>\n<li>Tuba<\/li>\n<li>Percusi\u00f3n<\/li>\n<\/ul>\n<p>-Banda Escuela<\/p>\n<p>-Clases de Adultos<\/p>\n<p><a href=\"https:\/\/forms.gle\/Qjkm8egb9quE68b77\"><img loading=\"lazy\" decoding=\"async\" class=\"alignnone  wp-image-3466\" src=\"https:\/\/www.agrupacionmusicallaunion.com\/diario\/fotos\/amlu-imagen-300x129.jpg\" alt=\"\" width=\"702\" height=\"302\" srcset=\"https:\/\/www.agrupacionmusicallaunion.com\/diario\/fotos\/amlu-imagen-300x129.jpg 300w, https:\/\/www.agrupacionmusicallaunion.com\/diario\/fotos\/amlu-imagen-1024x440.jpg 1024w, https:\/\/www.agrupacionmusicallaunion.com\/diario\/fotos\/amlu-imagen-768x330.jpg 768w, https:\/\/www.agrupacionmusicallaunion.com\/diario\/fotos\/amlu-imagen-1536x659.jpg 1536w, https:\/\/www.agrupacionmusicallaunion.com\/diario\/fotos\/amlu-imagen-2048x879.jpg 2048w\" sizes=\"auto, (max-width: 702px) 100vw, 702px\" \/><\/a><\/p>\n<p>Pulsa la imagen para matr\u00edcula online<\/p>\n","protected":false},"excerpt":{"rendered":"<p>La Escuela de M\u00fasica de nuestra Agrupaci\u00f3n, est\u00e1 compuesta actualmente por unos 60\u00a0alumnos, donde se les imparten clases de Lenguaje musical, m\u00fasica y movimiento, flauta travesera, oboe, clarinete, saxof\u00f3n, trompeta, trompa, tromb\u00f3n, tuba &#8211; bombardino, percusi\u00f3n y conjunto instrumental (banda infantil),\u00a0 por profesores titulados, tanto en su especialidad de grado medio como superior, provenientes en [&hellip;]<\/p>\n","protected":false},"author":5,"featured_media":0,"parent":0,"menu_order":3,"comment_status":"closed","ping_status":"closed","template":"","meta":{"footnotes":""},"class_list":["post-8","page","type-page","status-publish","hentry"],"_links":{"self":[{"href":"https:\/\/www.agrupacionmusicallaunion.com\/diario\/wp-json\/wp\/v2\/pages\/8","targetHints":{"allow":["GET"]}}],"collection":[{"href":"https:\/\/www.agrupacionmusicallaunion.com\/diario\/wp-json\/wp\/v2\/pages"}],"about":[{"href":"https:\/\/www.agrupacionmusicallaunion.com\/diario\/wp-json\/wp\/v2\/types\/page"}],"author":[{"embeddable":true,"href":"https:\/\/www.agrupacionmusicallaunion.com\/diario\/wp-json\/wp\/v2\/users\/5"}],"replies":[{"embeddable":true,"href":"https:\/\/www.agrupacionmusicallaunion.com\/diario\/wp-json\/wp\/v2\/comments?post=8"}],"version-history":[{"count":11,"href":"https:\/\/www.agrupacionmusicallaunion.com\/diario\/wp-json\/wp\/v2\/pages\/8\/revisions"}],"predecessor-version":[{"id":3537,"href":"https:\/\/www.agrupacionmusicallaunion.com\/diario\/wp-json\/wp\/v2\/pages\/8\/revisions\/3537"}],"wp:attachment":[{"href":"https:\/\/www.agrupacionmusicallaunion.com\/diario\/wp-json\/wp\/v2\/media?parent=8"}],"curies":[{"name":"wp","href":"https:\/\/api.w.org\/{rel}","templated":true}]}}